{"id":5118,"date":"2022-02-15T12:30:57","date_gmt":"2022-02-15T11:30:57","guid":{"rendered":"https:\/\/nomadeculturale.com\/contact\/"},"modified":"2025-04-09T13:45:00","modified_gmt":"2025-04-09T12:45:00","slug":"contact","status":"publish","type":"page","link":"https:\/\/nomadeculturale.com\/es\/contact\/","title":{"rendered":"Contacto"},"content":{"rendered":"<style>.kb-row-layout-id5118_a9fefc-7d > .kt-row-column-wrap{align-content:start;}:where(.kb-row-layout-id5118_a9fefc-7d > .kt-row-column-wrap) > .wp-block-kadence-column{justify-content:start;}.kb-row-layout-id5118_a9fefc-7d > .kt-row-column-wrap{column-gap:var(--global-kb-gap-md, 2rem);row-gap:var(--global-kb-gap-md, 2rem);max-width:var( --global-content-width, 1290px );padding-left:var(--global-content-edge-padding);padding-right:var(--global-content-edge-padding);padding-top:80px;padding-bottom:80px;grid-template-columns:minmax(0, 1fr);}.kb-row-layout-id5118_a9fefc-7d > .kt-row-layout-overlay{opacity:0.30;background-image:url('http:\/\/nomadeculturale.com\/wp-content\/uploads\/2022\/02\/background-1.png');background-size:contain;background-position:center center;background-attachment:scroll;background-repeat:repeat;}@media all and (max-width: 1024px){.kb-row-layout-id5118_a9fefc-7d > .kt-row-column-wrap{grid-template-columns:minmax(0, 1fr);}}@media all and (max-width: 767px){.kb-row-layout-id5118_a9fefc-7d > .kt-row-column-wrap{grid-template-columns:minmax(0, 1fr);}}<\/style><div class=\"kb-row-layout-wrap kb-row-layout-id5118_a9fefc-7d alignnone has-theme-palette8-background-color kt-row-has-bg wp-block-kadence-rowlayout\"><div class=\"kt-row-layout-overlay kt-row-overlay-normal\"><\/div><div class=\"kt-row-column-wrap kt-has-1-columns kt-row-layout-equal kt-tab-layout-inherit kt-mobile-layout-row kt-row-valign-top kb-theme-content-width\">\n<style>.kadence-column5118_1d2fec-17 > .kt-inside-inner-col,.kadence-column5118_1d2fec-17 > .kt-inside-inner-col:before{border-top-left-radius:0px;border-top-right-radius:0px;border-bottom-right-radius:0px;border-bottom-left-radius:0px;}.kadence-column5118_1d2fec-17 > .kt-inside-inner-col{column-gap:var(--global-kb-gap-sm, 1rem);}.kadence-column5118_1d2fec-17 > .kt-inside-inner-col{flex-direction:column;}.kadence-column5118_1d2fec-17 > .kt-inside-inner-col > .aligncenter{width:100%;}.kadence-column5118_1d2fec-17 > .kt-inside-inner-col:before{opacity:0.3;}.kadence-column5118_1d2fec-17{position:relative;}@media all and (max-width: 1024px){.kadence-column5118_1d2fec-17 > .kt-inside-inner-col{flex-direction:column;justify-content:center;}}@media all and (max-width: 767px){.kadence-column5118_1d2fec-17 > .kt-inside-inner-col{flex-direction:column;justify-content:center;}}<\/style>\n<div class=\"wp-block-kadence-column kadence-column5118_1d2fec-17 inner-column-1\"><div class=\"kt-inside-inner-col\"><style>.wp-block-kadence-advancedheading.kt-adv-heading5118_62f1d7-93, .wp-block-kadence-advancedheading.kt-adv-heading5118_62f1d7-93[data-kb-block=\"kb-adv-heading5118_62f1d7-93\"]{text-align:center;font-style:normal;}.wp-block-kadence-advancedheading.kt-adv-heading5118_62f1d7-93 mark.kt-highlight, .wp-block-kadence-advancedheading.kt-adv-heading5118_62f1d7-93[data-kb-block=\"kb-adv-heading5118_62f1d7-93\"] mark.kt-highlight{font-style:normal;color:#f76a0c;-webkit-box-decoration-break:clone;box-decoration-break:clone;padding-top:0px;padding-right:0px;padding-bottom:0px;padding-left:0px;}.wp-block-kadence-advancedheading.kt-adv-heading5118_62f1d7-93 img.kb-inline-image, .wp-block-kadence-advancedheading.kt-adv-heading5118_62f1d7-93[data-kb-block=\"kb-adv-heading5118_62f1d7-93\"] img.kb-inline-image{width:150px;vertical-align:baseline;}<\/style>\n<h2 class=\"kt-adv-heading5118_62f1d7-93 wp-block-kadence-advancedheading has-theme-palette-4-color has-text-color\" data-kb-block=\"kb-adv-heading5118_62f1d7-93\">\u00bfComo contactar conmigo?<\/h2>\n<\/div><\/div>\n\n<\/div><\/div>\n\n<style>.kb-row-layout-wrap.wp-block-kadence-rowlayout.kb-row-layout-id5118_2a7c4d-d9{margin-bottom:30px;}.kb-row-layout-id5118_2a7c4d-d9 > .kt-row-column-wrap{align-content:start;}:where(.kb-row-layout-id5118_2a7c4d-d9 > .kt-row-column-wrap) > .wp-block-kadence-column{justify-content:start;}.kb-row-layout-id5118_2a7c4d-d9 > .kt-row-column-wrap{column-gap:80px;row-gap:var(--global-kb-gap-md, 2rem);max-width:var( --global-content-width, 1290px );padding-left:var(--global-content-edge-padding);padding-right:var(--global-content-edge-padding);padding-top:25px;padding-bottom:0px;grid-template-columns:repeat(2, minmax(0, 1fr));}.kb-row-layout-id5118_2a7c4d-d9 > .kt-row-layout-overlay{opacity:0.30;}@media all and (max-width: 1024px){.kb-row-layout-wrap.wp-block-kadence-rowlayout.kb-row-layout-id5118_2a7c4d-d9{margin-bottom:40px;}}@media all and (max-width: 1024px){.kb-row-layout-id5118_2a7c4d-d9 > .kt-row-column-wrap{grid-template-columns:minmax(0, 1fr);}}@media all and (max-width: 767px){.kb-row-layout-id5118_2a7c4d-d9 > .kt-row-column-wrap{grid-template-columns:minmax(0, 1fr);}}<\/style><div class=\"kb-row-layout-wrap kb-row-layout-id5118_2a7c4d-d9 alignnone wp-block-kadence-rowlayout\"><div class=\"kt-row-column-wrap kt-has-2-columns kt-row-layout-equal kt-tab-layout-row kt-mobile-layout-row kt-row-valign-top kb-theme-content-width\">\n<style>.kadence-column5118_64e62f-3c > .kt-inside-inner-col,.kadence-column5118_64e62f-3c > .kt-inside-inner-col:before{border-top-left-radius:0px;border-top-right-radius:0px;border-bottom-right-radius:0px;border-bottom-left-radius:0px;}.kadence-column5118_64e62f-3c > .kt-inside-inner-col{column-gap:var(--global-kb-gap-sm, 1rem);}.kadence-column5118_64e62f-3c > .kt-inside-inner-col{flex-direction:column;}.kadence-column5118_64e62f-3c > .kt-inside-inner-col > .aligncenter{width:100%;}.kadence-column5118_64e62f-3c > .kt-inside-inner-col:before{opacity:0.3;}.kadence-column5118_64e62f-3c{position:relative;}@media all and (max-width: 1024px){.kadence-column5118_64e62f-3c > .kt-inside-inner-col{flex-direction:column;justify-content:center;}}@media all and (max-width: 767px){.kadence-column5118_64e62f-3c > .kt-inside-inner-col{flex-direction:column;justify-content:center;}}<\/style>\n<div class=\"wp-block-kadence-column kadence-column5118_64e62f-3c inner-column-1\"><div class=\"kt-inside-inner-col\"><style>.wp-block-kadence-advancedheading.kt-adv-heading5118_07029b-13, .wp-block-kadence-advancedheading.kt-adv-heading5118_07029b-13[data-kb-block=\"kb-adv-heading5118_07029b-13\"]{font-style:normal;}.wp-block-kadence-advancedheading.kt-adv-heading5118_07029b-13 mark.kt-highlight, .wp-block-kadence-advancedheading.kt-adv-heading5118_07029b-13[data-kb-block=\"kb-adv-heading5118_07029b-13\"] mark.kt-highlight{font-style:normal;color:#f76a0c;-webkit-box-decoration-break:clone;box-decoration-break:clone;padding-top:0px;padding-right:0px;padding-bottom:0px;padding-left:0px;}.wp-block-kadence-advancedheading.kt-adv-heading5118_07029b-13 img.kb-inline-image, .wp-block-kadence-advancedheading.kt-adv-heading5118_07029b-13[data-kb-block=\"kb-adv-heading5118_07029b-13\"] img.kb-inline-image{width:150px;vertical-align:baseline;}<\/style>\n<h2 class=\"kt-adv-heading5118_07029b-13 wp-block-kadence-advancedheading\" data-kb-block=\"kb-adv-heading5118_07029b-13\">Rellena el formulario de contacto<\/h2>\n\n\n\n<p>Solo tienes que escribir tu nombre, correo electr\u00f3nico, un t\u00edtulo relevante y tu pregunta. Luego, haz clic en enviar.<\/p>\n\n\n\n<p>Te responder\u00e9 dentro de 24-48 horas<\/p>\n\n\n\n<ul class=\"wp-block-social-links has-icon-color has-icon-background-color is-layout-flex wp-block-social-links-is-layout-flex\"><li style=\"color:#ffffff;background-color:#8f8074;\" class=\"wp-social-link wp-social-link-facebook has-theme-palette9-color has-theme-palette1-background-color wp-block-social-link\"><a href=\"#\" class=\"wp-block-social-link-anchor\"><svg width=\"24\" height=\"24\" viewBox=\"0 0 24 24\" version=\"1.1\" xmlns=\"http:\/\/www.w3.org\/2000\/svg\" aria-hidden=\"true\" focusable=\"false\"><path d=\"M12 2C6.5 2 2 6.5 2 12c0 5 3.7 9.1 8.4 9.9v-7H7.9V12h2.5V9.8c0-2.5 1.5-3.9 3.8-3.9 1.1 0 2.2.2 2.2.2v2.5h-1.3c-1.2 0-1.6.8-1.6 1.6V12h2.8l-.4 2.9h-2.3v7C18.3 21.1 22 17 22 12c0-5.5-4.5-10-10-10z\"><\/path><\/svg><span class=\"wp-block-social-link-label screen-reader-text\">Facebook<\/span><\/a><\/li>\n\n<li style=\"color:#ffffff;background-color:#8f8074;\" class=\"wp-social-link wp-social-link-twitter has-theme-palette9-color has-theme-palette1-background-color wp-block-social-link\"><a href=\"#\" class=\"wp-block-social-link-anchor\"><svg width=\"24\" height=\"24\" viewBox=\"0 0 24 24\" version=\"1.1\" xmlns=\"http:\/\/www.w3.org\/2000\/svg\" aria-hidden=\"true\" focusable=\"false\"><path d=\"M22.23,5.924c-0.736,0.326-1.527,0.547-2.357,0.646c0.847-0.508,1.498-1.312,1.804-2.27 c-0.793,0.47-1.671,0.812-2.606,0.996C18.324,4.498,17.257,4,16.077,4c-2.266,0-4.103,1.837-4.103,4.103 c0,0.322,0.036,0.635,0.106,0.935C8.67,8.867,5.647,7.234,3.623,4.751C3.27,5.357,3.067,6.062,3.067,6.814 c0,1.424,0.724,2.679,1.825,3.415c-0.673-0.021-1.305-0.206-1.859-0.513c0,0.017,0,0.034,0,0.052c0,1.988,1.414,3.647,3.292,4.023 c-0.344,0.094-0.707,0.144-1.081,0.144c-0.264,0-0.521-0.026-0.772-0.074c0.522,1.63,2.038,2.816,3.833,2.85 c-1.404,1.1-3.174,1.756-5.096,1.756c-0.331,0-0.658-0.019-0.979-0.057c1.816,1.164,3.973,1.843,6.29,1.843 c7.547,0,11.675-6.252,11.675-11.675c0-0.178-0.004-0.355-0.012-0.531C20.985,7.47,21.68,6.747,22.23,5.924z\"><\/path><\/svg><span class=\"wp-block-social-link-label screen-reader-text\">Twitter<\/span><\/a><\/li>\n\n<li style=\"color:#ffffff;background-color:#8f8074;\" class=\"wp-social-link wp-social-link-youtube has-theme-palette9-color has-theme-palette1-background-color wp-block-social-link\"><a href=\"#\" class=\"wp-block-social-link-anchor\"><svg width=\"24\" height=\"24\" viewBox=\"0 0 24 24\" version=\"1.1\" xmlns=\"http:\/\/www.w3.org\/2000\/svg\" aria-hidden=\"true\" focusable=\"false\"><path d=\"M21.8,8.001c0,0-0.195-1.378-0.795-1.985c-0.76-0.797-1.613-0.801-2.004-0.847c-2.799-0.202-6.997-0.202-6.997-0.202 h-0.009c0,0-4.198,0-6.997,0.202C4.608,5.216,3.756,5.22,2.995,6.016C2.395,6.623,2.2,8.001,2.2,8.001S2,9.62,2,11.238v1.517 c0,1.618,0.2,3.237,0.2,3.237s0.195,1.378,0.795,1.985c0.761,0.797,1.76,0.771,2.205,0.855c1.6,0.153,6.8,0.201,6.8,0.201 s4.203-0.006,7.001-0.209c0.391-0.047,1.243-0.051,2.004-0.847c0.6-0.607,0.795-1.985,0.795-1.985s0.2-1.618,0.2-3.237v-1.517 C22,9.62,21.8,8.001,21.8,8.001z M9.935,14.594l-0.001-5.62l5.404,2.82L9.935,14.594z\"><\/path><\/svg><span class=\"wp-block-social-link-label screen-reader-text\">YouTube<\/span><\/a><\/li><\/ul>\n<\/div><\/div>\n\n\n<style>.kadence-column5118_1291a4-4e > .kt-inside-inner-col{padding-top:20px;padding-right:30px;padding-bottom:20px;padding-left:30px;}.kadence-column5118_1291a4-4e > .kt-inside-inner-col,.kadence-column5118_1291a4-4e > .kt-inside-inner-col:before{border-top-left-radius:0px;border-top-right-radius:0px;border-bottom-right-radius:0px;border-bottom-left-radius:0px;}.kadence-column5118_1291a4-4e > .kt-inside-inner-col{column-gap:var(--global-kb-gap-sm, 1rem);}.kadence-column5118_1291a4-4e > .kt-inside-inner-col{flex-direction:column;}.kadence-column5118_1291a4-4e > .kt-inside-inner-col > .aligncenter{width:100%;}.kadence-column5118_1291a4-4e > .kt-inside-inner-col{background-color:var(--global-palette8, #F7FAFC);}.kadence-column5118_1291a4-4e > .kt-inside-inner-col:before{opacity:0.3;}.kadence-column5118_1291a4-4e{position:relative;}@media all and (max-width: 1024px){.kadence-column5118_1291a4-4e > .kt-inside-inner-col{flex-direction:column;justify-content:center;}}@media all and (max-width: 767px){.kadence-column5118_1291a4-4e > .kt-inside-inner-col{flex-direction:column;justify-content:center;}}<\/style>\n<div class=\"wp-block-kadence-column kadence-column5118_1291a4-4e inner-column-2\"><div class=\"kt-inside-inner-col\"><style>.kadence-form-5118_a18004-1d .kb-form .kadence-blocks-form-field .kb-text-style-field, .kadence-form-5118_a18004-1d .kb-form .kadence-blocks-form-field .kb-select-style-field{border-radius:0px;border-width:0px 0px 1px 0px;background:rgba(255, 255, 255, 0);border-color:var(--global-palette1, #3182CE);}.kadence-form-5118_a18004-1d .kb-form .kadence-blocks-form-field .kb-forms-submit{border-radius:0px;}.kadence-form-5118_a18004-1d .kb-form .kadence-blocks-form-field .kb-forms-submit{letter-spacing:1px;text-transform:uppercase;font-family:Jost;font-style:normal;font-weight:300;}.kb-form input.kadence-blocks-field.verify{opacity:0.0;position:absolute;top:0.0;left:0.0;width:0.0;height:0.0;z-index:-1;}<\/style>\n<div class=\"wp-block-kadence-form kadence-form-5118_a18004-1d kb-form-wrap\"><form class=\"kb-form\" action=\"\" method=\"post\" data-error-message=\"error\"><div class=\"kadence-blocks-form-field kb-field-desk-width-100 kb-input-size-standard\"><label for=\"kb_field_5118_a18004-1d_0\">Nombre<\/label><input name=\"kb_field_0\" id=\"kb_field_5118_a18004-1d_0\" data-label=\"Nombre\" type=\"text\" placeholder=\"\" value=\"\" data-type=\"text\" class=\"kb-field kb-text-style-field kb-text-field kb-field-0\"\/><\/div><div class=\"kadence-blocks-form-field kb-form-field-1 kb-field-desk-width-100 kb-input-size-standard\"><label for=\"kb_field_5118_a18004-1d_1\">Email<span class=\"required\">*<\/span><\/label><input name=\"kb_field_1\" id=\"kb_field_5118_a18004-1d_1\" data-label=\"Email\" type=\"email\" placeholder=\"\" value=\"\" data-type=\"email\" class=\"kb-field kb-text-style-field kb-email-field kb-field-1\" data-required=\"yes\"\/><\/div><div class=\"kadence-blocks-form-field kb-form-field-2 kb-field-desk-width-100 kb-input-size-standard\"><label for=\"kb_field_5118_a18004-1d_2\">Escribe aqu\u00ed tus preguntas&#8230;<span class=\"required\">*<\/span><\/label><textarea name=\"kb_field_2\" id=\"kb_field_5118_a18004-1d_2\" data-label=\"Escribe aqu\u00ed tus preguntas...\" type=\"textarea\" placeholder=\"\" data-type=\"textarea\" class=\"kb-field kb-text-style-field kb-textarea-field kb-field-2\" rows=\"4\" data-required=\"yes\"><\/textarea><\/div><input type=\"hidden\" name=\"_kb_form_id\" value=\"5118_a18004-1d\"\/><input type=\"hidden\" name=\"_kb_form_post_id\" value=\"5118\"\/><input type=\"hidden\" name=\"action\" value=\"kb_process_ajax_submit\"\/><label class=\"kadence-verify-label\">Email<input class=\"kadence-blocks-field verify\" type=\"text\" name=\"_kb_verify_email\" autocomplete=\"new-password\" aria-hidden=\"true\" placeholder=\"Email\" tabindex=\"-1\" data-1p-ignore=\"true\" data-lpignore=\"true\" \/><\/label><div class=\"kadence-blocks-form-field kb-submit-field kb-field-desk-width-100\"><button class=\"kb-forms-submit button kb-button-size-standard kb-button-width-full\">ENVIAR<\/button><\/div><\/form><\/div>\n<noscript><div class=\"kadence-blocks-form-message kadence-blocks-form-warning\">Activar JavaScript en tu navegador para enviar el formulario<\/div><style>.kadence-form-5118_a18004-1d .kadence-blocks-form-field.kb-submit-field { display: none; }<\/style><\/noscript><\/div><\/div>\n\n<\/div><\/div>\n\n\n<p><\/p>\n","protected":false},"excerpt":{"rendered":"<p>\u00bfComo contactar conmigo? Rellena el formulario de contacto Solo tienes que escribir tu nombre, correo electr\u00f3nico, un t\u00edtulo relevante y tu pregunta. Luego, haz clic en enviar. Te responder\u00e9 dentro de 24-48 horas<\/p>\n","protected":false},"author":1,"featured_media":3563,"parent":0,"menu_order":0,"comment_status":"closed","ping_status":"closed","template":"","meta":{"_editorskit_title_hidden":false,"_editorskit_reading_time":0,"_editorskit_is_block_options_detached":false,"_editorskit_block_options_position":"{}","_kad_blocks_custom_css":"","_kad_blocks_head_custom_js":"","_kad_blocks_body_custom_js":"","_kad_blocks_footer_custom_js":"","_kadence_starter_templates_imported_post":true,"_kad_post_transparent":"","_kad_post_title":"hide","_kad_post_layout":"fullwidth","_kad_post_sidebar_id":"","_kad_post_content_style":"unboxed","_kad_post_vertical_padding":"hide","_kad_post_feature":"hide","_kad_post_feature_position":"","_kad_post_header":false,"_kad_post_footer":false,"footnotes":""},"class_list":["post-5118","page","type-page","status-publish","has-post-thumbnail","hentry"],"taxonomy_info":[],"featured_image_src_large":["https:\/\/nomadeculturale.com\/wp-content\/uploads\/2022\/04\/Contacts-1005x1024.jpeg",1005,1024,true],"author_info":{"display_name":"Alex Bulla","author_link":"https:\/\/nomadeculturale.com\/es\/author\/alex_viaggiatore_culturale\/"},"comment_info":0,"_links":{"self":[{"href":"https:\/\/nomadeculturale.com\/es\/wp-json\/wp\/v2\/pages\/5118","targetHints":{"allow":["GET"]}}],"collection":[{"href":"https:\/\/nomadeculturale.com\/es\/wp-json\/wp\/v2\/pages"}],"about":[{"href":"https:\/\/nomadeculturale.com\/es\/wp-json\/wp\/v2\/types\/page"}],"author":[{"embeddable":true,"href":"https:\/\/nomadeculturale.com\/es\/wp-json\/wp\/v2\/users\/1"}],"replies":[{"embeddable":true,"href":"https:\/\/nomadeculturale.com\/es\/wp-json\/wp\/v2\/comments?post=5118"}],"version-history":[{"count":2,"href":"https:\/\/nomadeculturale.com\/es\/wp-json\/wp\/v2\/pages\/5118\/revisions"}],"predecessor-version":[{"id":5122,"href":"https:\/\/nomadeculturale.com\/es\/wp-json\/wp\/v2\/pages\/5118\/revisions\/5122"}],"wp:featuredmedia":[{"embeddable":true,"href":"https:\/\/nomadeculturale.com\/es\/wp-json\/wp\/v2\/media\/3563"}],"wp:attachment":[{"href":"https:\/\/nomadeculturale.com\/es\/wp-json\/wp\/v2\/media?parent=5118"}],"curies":[{"name":"wp","href":"https:\/\/api.w.org\/{rel}","templated":true}]}}