{"id":5111,"date":"2024-08-09T17:17:02","date_gmt":"2024-08-09T16:17:02","guid":{"rendered":"https:\/\/nomadeculturale.com\/condizioni-duso\/"},"modified":"2025-04-09T13:37:45","modified_gmt":"2025-04-09T12:37:45","slug":"aviso-legal","status":"publish","type":"page","link":"https:\/\/nomadeculturale.com\/es\/aviso-legal\/","title":{"rendered":"Aviso Legal"},"content":{"rendered":"\n<h2 class=\"wp-block-heading\"><strong>1. Introducci\u00f3n<\/strong><\/h2>\n\n\n\n<p>El presente documento establece los T\u00e9rminos y Condiciones que regulan el acceso y uso del sitio web <a href=\"http:\/\/nomadeculturale.com\/es\/\" target=\"_blank\" rel=\"noreferrer noopener\"><strong>nomadeculturale.com<\/strong><\/a> (en adelante \u00abel Sitio\u00bb).<\/p>\n\n\n\n<p><strong>Nomade Culturale<\/strong> (tambi\u00e9n N\u00f3mada Cultural) es una gu\u00eda de viajes online gratuita y pr\u00e1ctica, dise\u00f1ada para ayudar a los lectores a maximizar su experiencia de viaje, profundizar en la historia y cultura de los lugares visitados, y planificar itinerarios personalizados seg\u00fan sus necesidades.<\/p>\n\n\n\n<p>El acceso y uso del Sitio implican la aceptaci\u00f3n \u00edntegra y sin reservas de los presentes T\u00e9rminos y Condiciones. Si no aceptas estos t\u00e9rminos, te invitamos a no utilizar el Sitio.<\/p>\n\n\n\n<p>El usuario declara adem\u00e1s poseer los derechos y la capacidad jur\u00eddica para utilizar el Sitio de conformidad con los T\u00e9rminos y Condiciones de uso.<\/p>\n\n\n\n<h2 class=\"wp-block-heading\"><strong>2. Responsabilidad de los Usuarios<\/strong><\/h2>\n\n\n\n<p>Los usuarios est\u00e1n obligados a utilizar el Sitio de forma l\u00edcita y respetuosa. Es responsabilidad del usuario verificar peri\u00f3dicamente posibles modificaciones en los presentes T\u00e9rminos y Condiciones. El uso inadecuado del Sitio, que incluya pero no se limite a comportamientos ofensivos, actividades ilegales o da\u00f1os al Sitio, puede conllevar la suspensi\u00f3n o prohibici\u00f3n de acceso al Sitio.<\/p>\n\n\n\n<h2 class=\"wp-block-heading\"><strong>3. Informaci\u00f3n sobre las reservas realizadas a trav\u00e9s de los enlaces presentes en el Sitio<\/strong><\/h2>\n\n\n\n<p>Nomade Culturale es socio externo de diversas empresas que operan en el sector de viajes. Entre ellas Booking, Civitatis, Getyourguide y Tiqets.<\/p>\n\n\n\n<p>Algunos de los enlaces presentes en el Sitio pueden generar una comisi\u00f3n para el Sitio cuando los usuarios realizan compras a trav\u00e9s de estos enlaces.<\/p>\n\n\n\n<p>A pesar de la posibilidad de recibir compensaciones, Nomade Culturale garantiza que las opiniones, rese\u00f1as y contenidos publicados son totalmente imparciales y est\u00e1n basados en la experiencia personal o en investigaciones detalladas y precisas. La compensaci\u00f3n recibida no influye de ninguna manera en la integridad de los contenidos presentados, ni en el precio final para el usuario.<\/p>\n\n\n\n<p>Adem\u00e1s, el autor de Nomade Culturale no asume ninguna responsabilidad por posibles problemas o inconvenientes relacionados con las reservas, ni puede proporcionar asistencia de ning\u00fan modo, ya que no dispone de acceso ni control sobre las transacciones individuales. Para cualquier reclamaci\u00f3n o pregunta, os invitamos a contactar directamente con el socio donde hab\u00e9is adquirido el servicio o producto.<\/p>\n\n\n\n<h2 class=\"wp-block-heading\"><strong>4. Propiedad Intelectual<\/strong><\/h2>\n\n\n\n<p>Todos los contenidos presentes en <strong>Nomade Culturale<\/strong> son propiedad de Alex Bulla, autor del Sitio, quien se reserva todos los derechos. Est\u00e1 prohibida la reproducci\u00f3n, incluso parcial, de los contenidos del Sitio sin el consentimiento expl\u00edcito por escrito del titular de los derechos. Cualquier uso no autorizado de los contenidos puede conllevar acciones legales.<\/p>\n\n\n\n<h2 class=\"wp-block-heading\"><strong>5. Exclusiones de Responsabilidad y Limitaciones de Responsabilidad<\/strong><\/h2>\n\n\n\n<p>Los contenidos ofrecidos en el Sitio se proporcionan \u00abtal cual\u00bb, sin garant\u00edas de ning\u00fan tipo, expresas o impl\u00edcitas. <strong>Nomade Culturale<\/strong> no garantiza la exactitud, integridad o actualidad de la informaci\u00f3n presente en el Sitio y declina toda responsabilidad por posibles errores u omisiones.<\/p>\n\n\n\n<p>En ning\u00fan caso, <strong>Nomade Culturale<\/strong> podr\u00e1 ser considerado responsable por da\u00f1os directos, indirectos, incidentales, especiales o consecuentes derivados del uso o la imposibilidad de utilizar el Sitio.<\/p>\n\n\n\n<h2 class=\"wp-block-heading\"><strong>6. Ley Aplicable y Jurisdicci\u00f3n<\/strong><\/h2>\n\n\n\n<p>Los presentes T\u00e9rminos y Condiciones est\u00e1n regulados por las leyes italianas. Cualquier controversia derivada de o relacionada con estos T\u00e9rminos y Condiciones ser\u00e1 sometida a la jurisdicci\u00f3n exclusiva de los tribunales italianos.<\/p>\n\n\n\n<h2 class=\"wp-block-heading\"><strong>7. Modificaciones de los T\u00e9rminos y Condiciones<\/strong><\/h2>\n\n\n\n<p>El autor se reserva el derecho de modificar en cualquier momento los presentes T\u00e9rminos y Condiciones. Las modificaciones ser\u00e1n publicadas en el Sitio y ser\u00e1 responsabilidad de los usuarios verificar peri\u00f3dicamente posibles actualizaciones. El uso continuado del Sitio despu\u00e9s de la publicaci\u00f3n de las modificaciones constituye aceptaci\u00f3n t\u00e1cita de los nuevos t\u00e9rminos.<\/p>\n\n\n\n<h2 class=\"wp-block-heading\"><strong>8. Contactos y notificaciones de infracciones<\/strong><\/h2>\n\n\n\n<p>Para cualquier pregunta sobre los presentes T\u00e9rminos y Condiciones o para notificar posibles infracciones, los usuarios pueden contactar con <strong>Nomade Culturale<\/strong> en la direcci\u00f3n de correo electr\u00f3nico: alex (arroba) <a href=\"http:\/\/nomadeculturale.com\/es\/\" target=\"_blank\" rel=\"noreferrer noopener\">nomadeculturale.com<\/a>, o a trav\u00e9s de la <a href=\"https:\/\/nomadeculturale.com\/es\/contacto\/\" target=\"_blank\" rel=\"noreferrer noopener\">p\u00e1gina de contacto<\/a>.<\/p>\n\n\n\n<p><\/p>\n","protected":false},"excerpt":{"rendered":"<p>1. Introducci\u00f3n El presente documento establece los T\u00e9rminos y Condiciones que regulan el acceso y uso del sitio web nomadeculturale.com (en adelante \u00abel Sitio\u00bb). Nomade Culturale (tambi\u00e9n N\u00f3mada Cultural) es una gu\u00eda de viajes online gratuita y pr\u00e1ctica, dise\u00f1ada para ayudar a los lectores a maximizar su experiencia de viaje, profundizar en la historia y&#8230;<\/p>\n","protected":false},"author":1,"featured_media":0,"parent":0,"menu_order":0,"comment_status":"closed","ping_status":"closed","template":"","meta":{"_editorskit_title_hidden":false,"_editorskit_reading_time":0,"_editorskit_is_block_options_detached":false,"_editorskit_block_options_position":"{}","_kad_blocks_custom_css":"","_kad_blocks_head_custom_js":"","_kad_blocks_body_custom_js":"","_kad_blocks_footer_custom_js":"","_kadence_starter_templates_imported_post":false,"_kad_post_transparent":"","_kad_post_title":"","_kad_post_layout":"","_kad_post_sidebar_id":"","_kad_post_content_style":"","_kad_post_vertical_padding":"","_kad_post_feature":"","_kad_post_feature_position":"","_kad_post_header":false,"_kad_post_footer":false,"footnotes":""},"class_list":["post-5111","page","type-page","status-publish","hentry"],"taxonomy_info":[],"featured_image_src_large":false,"author_info":{"display_name":"Alex Bulla","author_link":"https:\/\/nomadeculturale.com\/es\/author\/alex_viaggiatore_culturale\/"},"comment_info":0,"_links":{"self":[{"href":"https:\/\/nomadeculturale.com\/es\/wp-json\/wp\/v2\/pages\/5111","targetHints":{"allow":["GET"]}}],"collection":[{"href":"https:\/\/nomadeculturale.com\/es\/wp-json\/wp\/v2\/pages"}],"about":[{"href":"https:\/\/nomadeculturale.com\/es\/wp-json\/wp\/v2\/types\/page"}],"author":[{"embeddable":true,"href":"https:\/\/nomadeculturale.com\/es\/wp-json\/wp\/v2\/users\/1"}],"replies":[{"embeddable":true,"href":"https:\/\/nomadeculturale.com\/es\/wp-json\/wp\/v2\/comments?post=5111"}],"version-history":[{"count":2,"href":"https:\/\/nomadeculturale.com\/es\/wp-json\/wp\/v2\/pages\/5111\/revisions"}],"predecessor-version":[{"id":5114,"href":"https:\/\/nomadeculturale.com\/es\/wp-json\/wp\/v2\/pages\/5111\/revisions\/5114"}],"wp:attachment":[{"href":"https:\/\/nomadeculturale.com\/es\/wp-json\/wp\/v2\/media?parent=5111"}],"curies":[{"name":"wp","href":"https:\/\/api.w.org\/{rel}","templated":true}]}}