{"id":5088,"date":"2022-02-15T12:30:01","date_gmt":"2022-02-15T11:30:01","guid":{"rendered":"https:\/\/nomadeculturale.com\/about\/"},"modified":"2025-04-09T13:33:02","modified_gmt":"2025-04-09T12:33:02","slug":"quien-soy","status":"publish","type":"page","link":"https:\/\/nomadeculturale.com\/es\/quien-soy\/","title":{"rendered":"Qui\u00e9n soy"},"content":{"rendered":"<style>.kb-row-layout-id5088_d1b52c-3c > .kt-row-column-wrap{align-content:start;}:where(.kb-row-layout-id5088_d1b52c-3c > .kt-row-column-wrap) > .wp-block-kadence-column{justify-content:start;}.kb-row-layout-id5088_d1b52c-3c > .kt-row-column-wrap{column-gap:var(--global-kb-gap-md, 2rem);row-gap:var(--global-kb-gap-md, 2rem);max-width:var( --global-content-width, 1290px );padding-left:var(--global-content-edge-padding);padding-right:var(--global-content-edge-padding);padding-top:80px;padding-bottom:80px;grid-template-columns:minmax(0, 1fr);}.kb-row-layout-id5088_d1b52c-3c > .kt-row-layout-overlay{opacity:0.30;background-image:url('http:\/\/nomadeculturale.com\/wp-content\/uploads\/2022\/02\/background-1.png');background-size:contain;background-position:center center;background-attachment:scroll;background-repeat:repeat;}@media all and (max-width: 1024px){.kb-row-layout-id5088_d1b52c-3c > .kt-row-column-wrap{grid-template-columns:minmax(0, 1fr);}}@media all and (max-width: 767px){.kb-row-layout-id5088_d1b52c-3c > .kt-row-column-wrap{grid-template-columns:minmax(0, 1fr);}}<\/style><div class=\"kb-row-layout-wrap kb-row-layout-id5088_d1b52c-3c alignnone has-theme-palette8-background-color kt-row-has-bg wp-block-kadence-rowlayout\"><div class=\"kt-row-layout-overlay kt-row-overlay-normal\"><\/div><div class=\"kt-row-column-wrap kt-has-1-columns kt-row-layout-equal kt-tab-layout-inherit kt-mobile-layout-row kt-row-valign-top kb-theme-content-width\">\n<style>.kadence-column5088_4bf167-12 > .kt-inside-inner-col,.kadence-column5088_4bf167-12 > .kt-inside-inner-col:before{border-top-left-radius:0px;border-top-right-radius:0px;border-bottom-right-radius:0px;border-bottom-left-radius:0px;}.kadence-column5088_4bf167-12 > .kt-inside-inner-col{column-gap:var(--global-kb-gap-sm, 1rem);}.kadence-column5088_4bf167-12 > .kt-inside-inner-col{flex-direction:column;}.kadence-column5088_4bf167-12 > .kt-inside-inner-col > .aligncenter{width:100%;}.kadence-column5088_4bf167-12 > .kt-inside-inner-col:before{opacity:0.3;}.kadence-column5088_4bf167-12{position:relative;}@media all and (max-width: 1024px){.kadence-column5088_4bf167-12 > .kt-inside-inner-col{flex-direction:column;justify-content:center;}}@media all and (max-width: 767px){.kadence-column5088_4bf167-12 > .kt-inside-inner-col{flex-direction:column;justify-content:center;}}<\/style>\n<div class=\"wp-block-kadence-column kadence-column5088_4bf167-12 inner-column-1\"><div class=\"kt-inside-inner-col\"><style>.wp-block-kadence-advancedheading.kt-adv-heading5088_ca9fe6-67, .wp-block-kadence-advancedheading.kt-adv-heading5088_ca9fe6-67[data-kb-block=\"kb-adv-heading5088_ca9fe6-67\"]{text-align:center;font-style:normal;}.wp-block-kadence-advancedheading.kt-adv-heading5088_ca9fe6-67 mark.kt-highlight, .wp-block-kadence-advancedheading.kt-adv-heading5088_ca9fe6-67[data-kb-block=\"kb-adv-heading5088_ca9fe6-67\"] mark.kt-highlight{font-style:normal;color:#f76a0c;-webkit-box-decoration-break:clone;box-decoration-break:clone;padding-top:0px;padding-right:0px;padding-bottom:0px;padding-left:0px;}.wp-block-kadence-advancedheading.kt-adv-heading5088_ca9fe6-67 img.kb-inline-image, .wp-block-kadence-advancedheading.kt-adv-heading5088_ca9fe6-67[data-kb-block=\"kb-adv-heading5088_ca9fe6-67\"] img.kb-inline-image{width:150px;vertical-align:baseline;}<\/style>\n<p class=\"kt-adv-heading5088_ca9fe6-67 wp-block-kadence-advancedheading\" data-kb-block=\"kb-adv-heading5088_ca9fe6-67\"><strong>Descubre qui\u00e9n es Alex Bulla<\/strong><\/p>\n<\/div><\/div>\n\n<\/div><\/div>\n\n<style>.kb-row-layout-id5088_5a49c3-df > .kt-row-column-wrap{align-content:start;}:where(.kb-row-layout-id5088_5a49c3-df > .kt-row-column-wrap) > .wp-block-kadence-column{justify-content:start;}.kb-row-layout-id5088_5a49c3-df > .kt-row-column-wrap{column-gap:80px;row-gap:var(--global-kb-gap-md, 2rem);max-width:var( --global-content-width, 1290px );padding-left:var(--global-content-edge-padding);padding-right:var(--global-content-edge-padding);padding-top:80px;padding-bottom:82px;grid-template-columns:minmax(0, 1fr) minmax(0, 2fr);}.kb-row-layout-id5088_5a49c3-df > .kt-row-layout-overlay{opacity:0.30;}@media all and (max-width: 1024px){.kb-row-layout-id5088_5a49c3-df > .kt-row-column-wrap{grid-template-columns:minmax(0, 1fr);}}@media all and (max-width: 767px){.kb-row-layout-id5088_5a49c3-df > .kt-row-column-wrap{grid-template-columns:minmax(0, 1fr);}}.kb-row-layout-id5088_5a49c3-df .absolute {  position: absolute;  z-index: 10;}.kb-row-layout-id5088_5a49c3-df .tape {  top: -60px;  left: -60px;}.kb-row-layout-id5088_5a49c3-df .sign {  bottom: -140px;  left: 40px;}<\/style><div class=\"kb-row-layout-wrap kb-row-layout-id5088_5a49c3-df alignnone wp-block-kadence-rowlayout\"><div class=\"kt-row-column-wrap kt-has-2-columns kt-row-layout-right-golden kt-tab-layout-row kt-mobile-layout-row kt-row-valign-top kb-theme-content-width\">\n<style>.kadence-column5088_bfb714-02 > .kt-inside-inner-col{padding-top:20px;padding-right:20px;padding-bottom:40px;padding-left:20px;}.kadence-column5088_bfb714-02 > .kt-inside-inner-col,.kadence-column5088_bfb714-02 > .kt-inside-inner-col:before{border-top-left-radius:0px;border-top-right-radius:0px;border-bottom-right-radius:0px;border-bottom-left-radius:0px;}.kadence-column5088_bfb714-02 > .kt-inside-inner-col{column-gap:var(--global-kb-gap-sm, 1rem);}.kadence-column5088_bfb714-02 > .kt-inside-inner-col{flex-direction:column;}.kadence-column5088_bfb714-02 > .kt-inside-inner-col > .aligncenter{width:100%;}.kadence-column5088_bfb714-02 > .kt-inside-inner-col{background-color:var(--global-palette8, #F7FAFC);}.kadence-column5088_bfb714-02 > .kt-inside-inner-col:before{opacity:0.3;}.kadence-column5088_bfb714-02{position:relative;}@media all and (max-width: 1024px){.kadence-column5088_bfb714-02 > .kt-inside-inner-col{flex-direction:column;justify-content:center;}}@media all and (max-width: 767px){.kadence-column5088_bfb714-02 > .kt-inside-inner-col{flex-direction:column;justify-content:center;}.kadence-column5088_bfb714-02, .kt-inside-inner-col > .kadence-column5088_bfb714-02:not(.specificity){margin-bottom:80px;}}<\/style>\n<div class=\"wp-block-kadence-column kadence-column5088_bfb714-02 inner-column-1\"><div class=\"kt-inside-inner-col\"><style>.kb-image5088_37ebac-6b.kb-image-is-ratio-size, .kb-image5088_37ebac-6b .kb-image-is-ratio-size{max-width:160px;width:100%;}.wp-block-kadence-column > .kt-inside-inner-col > .kb-image5088_37ebac-6b.kb-image-is-ratio-size, .wp-block-kadence-column > .kt-inside-inner-col > .kb-image5088_37ebac-6b .kb-image-is-ratio-size{align-self:unset;}.kb-image5088_37ebac-6b{max-width:160px;}.image-is-svg.kb-image5088_37ebac-6b{-webkit-flex:0 1 100%;flex:0 1 100%;}.image-is-svg.kb-image5088_37ebac-6b img{width:100%;}.kb-image5088_37ebac-6b .kb-image-has-overlay:after{opacity:0.3;}<\/style>\n<figure class=\"wp-block-kadence-image kb-image5088_37ebac-6b size-full absolute , tape\"><img loading=\"lazy\" decoding=\"async\" width=\"692\" height=\"659\" src=\"http:\/\/nomadeculturale.com\/wp-content\/uploads\/2022\/02\/stick.png\" alt=\"\" class=\"kb-img wp-image-539\" srcset=\"https:\/\/nomadeculturale.com\/wp-content\/uploads\/2022\/02\/stick.png 692w, https:\/\/nomadeculturale.com\/wp-content\/uploads\/2022\/02\/stick-300x286.png 300w\" sizes=\"auto, (max-width: 692px) 100vw, 692px\" \/><\/figure>\n\n\n<style>.kb-image5088_3a0fb0-3a .kb-image-has-overlay:after{opacity:0.3;}<\/style>\n<figure class=\"wp-block-kadence-image kb-image5088_3a0fb0-3a\"><img loading=\"lazy\" decoding=\"async\" width=\"1024\" height=\"1024\" src=\"http:\/\/nomadeculturale.com\/wp-content\/uploads\/2022\/11\/foto-di-Alex-Bulla-1.jpg\" alt=\"\" class=\"kb-img wp-image-1076\" srcset=\"https:\/\/nomadeculturale.com\/wp-content\/uploads\/2022\/11\/foto-di-Alex-Bulla-1.jpg 1024w, https:\/\/nomadeculturale.com\/wp-content\/uploads\/2022\/11\/foto-di-Alex-Bulla-1-300x300.jpg 300w, https:\/\/nomadeculturale.com\/wp-content\/uploads\/2022\/11\/foto-di-Alex-Bulla-1-150x150.jpg 150w, https:\/\/nomadeculturale.com\/wp-content\/uploads\/2022\/11\/foto-di-Alex-Bulla-1-768x768.jpg 768w\" sizes=\"auto, (max-width: 1024px) 100vw, 1024px\" \/><\/figure>\n<\/div><\/div>\n\n\n<style>.kadence-column5088_3b74f2-4c > .kt-inside-inner-col,.kadence-column5088_3b74f2-4c > .kt-inside-inner-col:before{border-top-left-radius:0px;border-top-right-radius:0px;border-bottom-right-radius:0px;border-bottom-left-radius:0px;}.kadence-column5088_3b74f2-4c > .kt-inside-inner-col{column-gap:var(--global-kb-gap-sm, 1rem);}.kadence-column5088_3b74f2-4c > .kt-inside-inner-col{flex-direction:column;}.kadence-column5088_3b74f2-4c > .kt-inside-inner-col > .aligncenter{width:100%;}.kadence-column5088_3b74f2-4c > .kt-inside-inner-col:before{opacity:0.3;}.kadence-column5088_3b74f2-4c{position:relative;}@media all and (max-width: 1024px){.kadence-column5088_3b74f2-4c > .kt-inside-inner-col{flex-direction:column;justify-content:center;}}@media all and (max-width: 767px){.kadence-column5088_3b74f2-4c > .kt-inside-inner-col{flex-direction:column;justify-content:center;}}<\/style>\n<div class=\"wp-block-kadence-column kadence-column5088_3b74f2-4c inner-column-2\"><div class=\"kt-inside-inner-col\"><style>.wp-block-kadence-advancedheading.kt-adv-heading5088_12aef5-2c, .wp-block-kadence-advancedheading.kt-adv-heading5088_12aef5-2c[data-kb-block=\"kb-adv-heading5088_12aef5-2c\"]{font-style:normal;}.wp-block-kadence-advancedheading.kt-adv-heading5088_12aef5-2c mark.kt-highlight, .wp-block-kadence-advancedheading.kt-adv-heading5088_12aef5-2c[data-kb-block=\"kb-adv-heading5088_12aef5-2c\"] mark.kt-highlight{font-style:normal;color:#f76a0c;-webkit-box-decoration-break:clone;box-decoration-break:clone;padding-top:0px;padding-right:0px;padding-bottom:0px;padding-left:0px;}.wp-block-kadence-advancedheading.kt-adv-heading5088_12aef5-2c img.kb-inline-image, .wp-block-kadence-advancedheading.kt-adv-heading5088_12aef5-2c[data-kb-block=\"kb-adv-heading5088_12aef5-2c\"] img.kb-inline-image{width:150px;vertical-align:baseline;}@media all and (max-width: 767px){.wp-block-kadence-advancedheading.kt-adv-heading5088_12aef5-2c, .wp-block-kadence-advancedheading.kt-adv-heading5088_12aef5-2c[data-kb-block=\"kb-adv-heading5088_12aef5-2c\"]{font-size:24px;}}<\/style>\n<h2 class=\"kt-adv-heading5088_12aef5-2c wp-block-kadence-advancedheading\" data-kb-block=\"kb-adv-heading5088_12aef5-2c\">\u00a1Hola! Soy Alex y quiero darte la bienvenida a N\u00f3mada Cultural&#8230;<\/h2>\n\n\n<style>.wp-block-kadence-advancedheading.kt-adv-heading5088_20b3f5-da, .wp-block-kadence-advancedheading.kt-adv-heading5088_20b3f5-da[data-kb-block=\"kb-adv-heading5088_20b3f5-da\"]{font-style:normal;}.wp-block-kadence-advancedheading.kt-adv-heading5088_20b3f5-da mark.kt-highlight, .wp-block-kadence-advancedheading.kt-adv-heading5088_20b3f5-da[data-kb-block=\"kb-adv-heading5088_20b3f5-da\"] mark.kt-highlight{font-style:normal;color:#f76a0c;-webkit-box-decoration-break:clone;box-decoration-break:clone;padding-top:0px;padding-right:0px;padding-bottom:0px;padding-left:0px;}.wp-block-kadence-advancedheading.kt-adv-heading5088_20b3f5-da img.kb-inline-image, .wp-block-kadence-advancedheading.kt-adv-heading5088_20b3f5-da[data-kb-block=\"kb-adv-heading5088_20b3f5-da\"] img.kb-inline-image{width:150px;vertical-align:baseline;}<\/style>\n<p class=\"kt-adv-heading5088_20b3f5-da wp-block-kadence-advancedheading\" data-kb-block=\"kb-adv-heading5088_20b3f5-da\">Mi misi\u00f3n con este blog es ayudar a los amantes de los viajes culturales a:<\/p>\n\n\n<style>.wp-block-kadence-iconlist.kt-svg-icon-list-items5088_525198-7e:not(.this-stops-third-party-issues){margin-top:0px;margin-bottom:0px;}.wp-block-kadence-iconlist.kt-svg-icon-list-items5088_525198-7e ul.kt-svg-icon-list:not(.this-prevents-issues):not(.this-stops-third-party-issues):not(.tijsloc){margin-top:0px;margin-right:0px;margin-bottom:10px;margin-left:0px;}.wp-block-kadence-iconlist.kt-svg-icon-list-items5088_525198-7e ul.kt-svg-icon-list{grid-row-gap:5px;}.wp-block-kadence-iconlist.kt-svg-icon-list-items5088_525198-7e ul.kt-svg-icon-list .kt-svg-icon-list-item-wrap .kt-svg-icon-list-single{margin-right:10px;}<\/style>\n<div class=\"wp-block-kadence-iconlist kt-svg-icon-list-items kt-svg-icon-list-items5088_525198-7e kt-svg-icon-list-columns-1 alignnone\"><ul class=\"kt-svg-icon-list\"><style>.kt-svg-icon-list-item-5088_ead047-d3 .kt-svg-icon-list-single{font-size:20px !important;color:var(--global-palette1, #3182CE) !important;}.kt-svg-icon-list-item-5088_ead047-d3 .kt-svg-icon-list-text mark.kt-highlight{background-color:unset;font-style:normal;color:#f76a0c;-webkit-box-decoration-break:clone;box-decoration-break:clone;padding-top:0px;padding-right:0px;padding-bottom:0px;padding-left:0px;}<\/style>\n<li class=\"wp-block-kadence-listitem kt-svg-icon-list-item-wrap kt-svg-icon-list-item-5088_ead047-d3 kt-svg-icon-list-style-default\"><span class=\"kb-svg-icon-wrap kb-svg-icon-fas_camera kt-svg-icon-list-single\"><svg viewBox=\"0 0 512 512\"  fill=\"currentColor\" xmlns=\"http:\/\/www.w3.org\/2000\/svg\"  aria-hidden=\"true\"><path d=\"M512 144v288c0 26.5-21.5 48-48 48H48c-26.5 0-48-21.5-48-48V144c0-26.5 21.5-48 48-48h88l12.3-32.9c7-18.7 24.9-31.1 44.9-31.1h125.5c20 0 37.9 12.4 44.9 31.1L376 96h88c26.5 0 48 21.5 48 48zM376 288c0-66.2-53.8-120-120-120s-120 53.8-120 120 53.8 120 120 120 120-53.8 120-120zm-32 0c0 48.5-39.5 88-88 88s-88-39.5-88-88 39.5-88 88-88 88 39.5 88 88z\"\/><\/svg><\/span><span class=\"kt-svg-icon-list-text\">Sacarle el m\u00e1ximo partido a cada destino.<\/span><\/li>\n\n\n<style>.kt-svg-icon-list-item-5088_2797dd-23 .kt-svg-icon-list-single{font-size:20px !important;color:var(--global-palette1, #3182CE) !important;}.kt-svg-icon-list-item-5088_2797dd-23 .kt-svg-icon-list-text mark.kt-highlight{background-color:unset;font-style:normal;color:#f76a0c;-webkit-box-decoration-break:clone;box-decoration-break:clone;padding-top:0px;padding-right:0px;padding-bottom:0px;padding-left:0px;}<\/style>\n<li class=\"wp-block-kadence-listitem kt-svg-icon-list-item-wrap kt-svg-icon-list-item-5088_2797dd-23 kt-svg-icon-list-style-default\"><span class=\"kb-svg-icon-wrap kb-svg-icon-fas_calendar-check kt-svg-icon-list-single\"><svg viewBox=\"0 0 448 512\"  fill=\"currentColor\" xmlns=\"http:\/\/www.w3.org\/2000\/svg\"  aria-hidden=\"true\"><path d=\"M436 160H12c-6.627 0-12-5.373-12-12v-36c0-26.51 21.49-48 48-48h48V12c0-6.627 5.373-12 12-12h40c6.627 0 12 5.373 12 12v52h128V12c0-6.627 5.373-12 12-12h40c6.627 0 12 5.373 12 12v52h48c26.51 0 48 21.49 48 48v36c0 6.627-5.373 12-12 12zM12 192h424c6.627 0 12 5.373 12 12v260c0 26.51-21.49 48-48 48H48c-26.51 0-48-21.49-48-48V204c0-6.627 5.373-12 12-12zm333.296 95.947l-28.169-28.398c-4.667-4.705-12.265-4.736-16.97-.068L194.12 364.665l-45.98-46.352c-4.667-4.705-12.266-4.736-16.971-.068l-28.397 28.17c-4.705 4.667-4.736 12.265-.068 16.97l82.601 83.269c4.667 4.705 12.265 4.736 16.97.068l142.953-141.805c4.705-4.667 4.736-12.265.068-16.97z\"\/><\/svg><\/span><span class=\"kt-svg-icon-list-text\">Profundizar en la historia y la cultura de cada lugar.<\/span><\/li>\n\n\n<style>.kt-svg-icon-list-item-5088_a955ff-50 .kt-svg-icon-list-single{font-size:20px !important;color:var(--global-palette1, #3182CE) !important;}.kt-svg-icon-list-item-5088_a955ff-50 .kt-svg-icon-list-text mark.kt-highlight{background-color:unset;font-style:normal;color:#f76a0c;-webkit-box-decoration-break:clone;box-decoration-break:clone;padding-top:0px;padding-right:0px;padding-bottom:0px;padding-left:0px;}<\/style>\n<li class=\"wp-block-kadence-listitem kt-svg-icon-list-item-wrap kt-svg-icon-list-item-5088_a955ff-50 kt-svg-icon-list-style-default\"><span class=\"kb-svg-icon-wrap kb-svg-icon-fas_map-marked-alt kt-svg-icon-list-single\"><svg viewBox=\"0 0 576 512\"  fill=\"currentColor\" xmlns=\"http:\/\/www.w3.org\/2000\/svg\"  aria-hidden=\"true\"><path d=\"M288 0c-69.59 0-126 56.41-126 126 0 56.26 82.35 158.8 113.9 196.02 6.39 7.54 17.82 7.54 24.2 0C331.65 284.8 414 182.26 414 126 414 56.41 357.59 0 288 0zm0 168c-23.2 0-42-18.8-42-42s18.8-42 42-42 42 18.8 42 42-18.8 42-42 42zM20.12 215.95A32.006 32.006 0 0 0 0 245.66v250.32c0 11.32 11.43 19.06 21.94 14.86L160 448V214.92c-8.84-15.98-16.07-31.54-21.25-46.42L20.12 215.95zM288 359.67c-14.07 0-27.38-6.18-36.51-16.96-19.66-23.2-40.57-49.62-59.49-76.72v182l192 64V266c-18.92 27.09-39.82 53.52-59.49 76.72-9.13 10.77-22.44 16.95-36.51 16.95zm266.06-198.51L416 224v288l139.88-55.95A31.996 31.996 0 0 0 576 426.34V176.02c0-11.32-11.43-19.06-21.94-14.86z\"\/><\/svg><\/span><span class=\"kt-svg-icon-list-text\">Planificar un itinerario a medida, seg\u00fan sus intereses y ritmo.<\/span><\/li>\n<\/ul><\/div>\n<\/div><\/div>\n\n<\/div><\/div>\n\n<style>.kb-row-layout-id5088_bf6c02-00 > .kt-row-column-wrap{align-content:start;}:where(.kb-row-layout-id5088_bf6c02-00 > .kt-row-column-wrap) > .wp-block-kadence-column{justify-content:start;}.kb-row-layout-id5088_bf6c02-00 > .kt-row-column-wrap{column-gap:var(--global-kb-gap-md, 2rem);row-gap:var(--global-kb-gap-md, 2rem);padding-top:var(--global-kb-spacing-sm, 1.5rem);padding-bottom:var(--global-kb-spacing-sm, 1.5rem);grid-template-columns:minmax(0, 1fr);}.kb-row-layout-id5088_bf6c02-00 > .kt-row-layout-overlay{opacity:0.30;}@media all and (max-width: 1024px){.kb-row-layout-id5088_bf6c02-00 > .kt-row-column-wrap{grid-template-columns:minmax(0, 1fr);}}@media all and (max-width: 767px){.kb-row-layout-id5088_bf6c02-00 > .kt-row-column-wrap{grid-template-columns:minmax(0, 1fr);}}<\/style><div class=\"kb-row-layout-wrap kb-row-layout-id5088_bf6c02-00 alignnone wp-block-kadence-rowlayout\"><div class=\"kt-row-column-wrap kt-has-1-columns kt-row-layout-equal kt-tab-layout-inherit kt-mobile-layout-row kt-row-valign-top\">\n<style>.kadence-column5088_f34a80-c5 > .kt-inside-inner-col{padding-right:var(--global-kb-spacing-xs, 1rem);padding-left:var(--global-kb-spacing-xs, 1rem);}.kadence-column5088_f34a80-c5 > .kt-inside-inner-col,.kadence-column5088_f34a80-c5 > .kt-inside-inner-col:before{border-top-left-radius:0px;border-top-right-radius:0px;border-bottom-right-radius:0px;border-bottom-left-radius:0px;}.kadence-column5088_f34a80-c5 > .kt-inside-inner-col{column-gap:var(--global-kb-gap-sm, 1rem);}.kadence-column5088_f34a80-c5 > .kt-inside-inner-col{flex-direction:column;}.kadence-column5088_f34a80-c5 > .kt-inside-inner-col > .aligncenter{width:100%;}.kadence-column5088_f34a80-c5 > .kt-inside-inner-col:before{opacity:0.3;}.kadence-column5088_f34a80-c5{position:relative;}@media all and (max-width: 1024px){.kadence-column5088_f34a80-c5 > .kt-inside-inner-col{flex-direction:column;justify-content:center;}}@media all and (max-width: 767px){.kadence-column5088_f34a80-c5 > .kt-inside-inner-col{flex-direction:column;justify-content:center;}}<\/style>\n<div class=\"wp-block-kadence-column kadence-column5088_f34a80-c5\"><div class=\"kt-inside-inner-col\">\n<p>Todo esto a trav\u00e9s de art\u00edculos detallados (en cada destino encontrar\u00e1s al menos 20) que te permitir\u00e1n organizar tu viaje paso a paso.<\/p>\n\n\n\n<p><strong>\u00bfPor qu\u00e9 lanc\u00e9 este blog?<\/strong><\/p>\n\n\n\n<p>Por el mismo motivo por el que t\u00fa est\u00e1s aqu\u00ed ahora.<\/p>\n\n\n\n<p><em><strong>Buscaba informaci\u00f3n para mis propios viajes, pero con frecuencia solo encontraba gu\u00edas poco detalladas, superficiales o con informaci\u00f3n incorrecta.<\/strong><\/em><\/p>\n\n\n\n<p>\u00bfLa soluci\u00f3n?<\/p>\n\n\n\n<p>Empec\u00e9 a documentar cada viaje en detalle, a modo de diario. Y en un momento dado pens\u00e9:<\/p>\n\n\n\n<p><em><strong>\u201c\u00bfY si comparto esta informaci\u00f3n con otras personas como yo, que aman los viajes culturales pero no encuentran f\u00e1cilmente contenido \u00fatil?\u201d<\/strong><\/em><\/p>\n\n\n\n<p>As\u00ed naci\u00f3 en 2021 mi primer proyecto: <a href=\"http:\/\/vadoalisbona.com\/\" target=\"_blank\" rel=\"noreferrer noopener\">vadoalisbona.com<\/a>.<\/p>\n\n\n\n<p>Despu\u00e9s vinieron otros, como Viena Guru y Me Voy a Paris.<\/p>\n\n\n\n<p>Hasta llegar a <em>N\u00f3mada Cultural<\/em>, que es mi ultimo proyecto hasta ahora.<\/p>\n\n\n\n<h2 class=\"wp-block-heading\"><strong>\u00bfQu\u00e9 encontrar\u00e1s en este blog?<\/strong><\/h2>\n\n\n\n<p>Informaci\u00f3n \u00fatil y bien documentada sobre destinos que he visitado o en los que he vivido. Porque s\u00ed, <strong>soy un n\u00f3mada digital<\/strong>.<\/p>\n\n\n\n<p>Eso significa que viajo despacio, qued\u00e1ndome durante semanas \u2014a veces meses\u2014 en cada lugar. Me gusta conocer la cultura local, hablar con la gente, visitar tanto los sitios m\u00e1s famosos como los rincones m\u00e1s escondidos.<\/p>\n\n\n\n<p>Es cierto que no siempre puedo quedarme tanto tiempo como me gustar\u00eda, pero intento pasar al menos 4 o 5 d\u00edas en cada lugar antes de escribir sobre \u00e9l.<\/p>\n\n\n\n<p>En resumen&#8230;<\/p>\n\n\n\n<p>&#8230;<em>aqu\u00ed encontrar\u00e1s informaci\u00f3n detallada que no solo te ayudar\u00e1 a planificar tu viaje, sino tambi\u00e9n a descubrir la <strong>historia<\/strong>, las <strong>tradiciones<\/strong> y las <strong>curiosidades<\/strong> de cada lugar del que hablo.<\/em><\/p>\n\n\n\n<p>\u00bfEst\u00e1s list@ para el viaje? \u00a1Te llevo conmigo!<\/p>\n\n\n\n<h2 class=\"wp-block-heading\"><strong>Sobre este blog<\/strong><\/h2>\n\n\n\n<p>Este blog naci\u00f3 hace poco, as\u00ed que todav\u00eda est\u00e1 en construcci\u00f3n. Por ahora hay pocos destinos, pero para cada uno me comprometo a publicar no menos de 20 gu\u00edas.<\/p>\n\n\n\n<p><em>Si valoras mi trabajo, guarda este blog en tus favoritos y vuelve de vez en cuando. Cada mes encontrar\u00e1s nuevas gu\u00edas y actualizaciones.<\/em><\/p>\n\n\n\n<p><strong>Pr\u00f3ximamente hablar\u00e9 de destinos como:<\/strong><\/p>\n\n\n\n<ul class=\"wp-block-list\">\n<li>Atenas<\/li>\n\n\n\n<li>Estambul<\/li>\n\n\n\n<li>T\u00fanez<\/li>\n\n\n\n<li>Viena<\/li>\n\n\n\n<li>Dub\u00e1i<\/li>\n\n\n\n<li>Berl\u00edn<\/li>\n\n\n\n<li>Y muchos m\u00e1s&#8230;<\/li>\n<\/ul>\n\n\n\n<h2 class=\"wp-block-heading\"><strong>Algunas curiosidades sobre m\u00ed<\/strong><\/h2>\n\n\n\n<ul class=\"wp-block-list\">\n<li><strong>Soy un amante de los gatos<\/strong>. Mi gato (bueno, m\u00e1s bien mi jefe) se llama Achille. Lo encontr\u00e9 frente a casa a finales de 2018, justo antes de mudarme unos meses a Canarias. Desde entonces hemos vivido un mont\u00f3n de aventuras juntos. En los viajes largos suele acompa\u00f1arme, pero cuando se trata de escapadas cortas prefiero dejarlo en casa, bien atendido.<\/li>\n\n\n\n<li><strong>No soy muy amigo de las redes sociales<\/strong>. Durante a\u00f1os trabaj\u00e9 como consultor de marketing digital, pero en 2021 decid\u00ed desconectar de Instagram y YouTube porque me generaban m\u00e1s ansiedad que satisfacci\u00f3n. As\u00ed que, por ahora, no me ver\u00e1s muy activo por ah\u00ed&#8230; qui\u00e9n sabe en el futuro.<\/li>\n\n\n\n<li>Aunque soy italiano, <strong>vivo en Espa\u00f1a<\/strong>, concretamente en Valencia, que se ha convertido en mi base de operaciones. Y s\u00ed, \u00a1adoro este pa\u00eds!<\/li>\n<\/ul>\n\n\n\n<h2 class=\"wp-block-heading\"><strong>Mi historia (en breve)<\/strong><\/h2>\n\n\n\n<p>Nac\u00ed en Sicilia, en un precioso pueblo costero llamado <strong>Mazara del Vallo<\/strong>. Mis padres emigraron all\u00ed en los a\u00f1os 80 y siguen viviendo en la isla.<\/p>\n\n\n\n<p>Crec\u00ed en una familia humilde y desde muy joven tuve claro que quer\u00eda algo diferente. Durante el bachillerato trabajaba en restaurantes para ayudar en casa: iba al colegio por la ma\u00f1ana y al trabajo por la tarde-noche, muchas veces hasta la madrugada. Apenas ten\u00eda tiempo libre.<\/p>\n\n\n\n<p>Fue entonces cuando entend\u00ed lo importante que era para m\u00ed la libertad. Quer\u00eda construir algo propio y no depender de nadie.<\/p>\n\n\n\n<p>En el \u00faltimo a\u00f1o de bachillerato lanc\u00e9 mi primer proyecto online. En un par de a\u00f1os ya generaba ingresos suficientes para dejar el trabajo, cerrar etapa\u2026 y mudarme a Las Palmas de Gran Canaria, mi primer destino como \u201cn\u00f3mada\u201d.<\/p>\n\n\n\n<p>Desde entonces no he parado.<\/p>\n\n\n\n<p>En 2021 decid\u00ed unir mi pasi\u00f3n por el marketing digital con mi amor por la historia, la cultura y los viajes, empezando con proyectos centrados en un solo destino como Viena Guru (centrado en la capital de Austria).<\/p>\n\n\n\n<p>Ojal\u00e1 encuentres aqu\u00ed toda la inspiraci\u00f3n y la informaci\u00f3n que necesitas para planear tus viajes y disfrutarlos al m\u00e1ximo.<\/p>\n\n\n\n<p>\u00a1Gracias por pasarte por aqu\u00ed!<\/p>\n\n\n\n<p>Un abrazo grande,<\/p>\n\n\n\n<p><strong>Alex Bulla<\/strong><\/p>\n<\/div><\/div>\n\n<\/div><\/div>","protected":false},"excerpt":{"rendered":"<p>Descubre qui\u00e9n es Alex Bulla \u00a1Hola! Soy Alex y quiero darte la bienvenida a N\u00f3mada Cultural&#8230; Mi misi\u00f3n con este blog es ayudar a los amantes de los viajes culturales a: Todo esto a trav\u00e9s de art\u00edculos detallados (en cada destino encontrar\u00e1s al menos 20) que te permitir\u00e1n organizar tu viaje paso a paso. \u00bfPor&#8230;<\/p>\n","protected":false},"author":1,"featured_media":3559,"parent":0,"menu_order":0,"comment_status":"closed","ping_status":"closed","template":"","meta":{"_editorskit_title_hidden":false,"_editorskit_reading_time":4,"_editorskit_is_block_options_detached":false,"_editorskit_block_options_position":"{}","_kad_blocks_custom_css":"","_kad_blocks_head_custom_js":"","_kad_blocks_body_custom_js":"","_kad_blocks_footer_custom_js":"","_kadence_starter_templates_imported_post":true,"_kad_post_transparent":"","_kad_post_title":"hide","_kad_post_layout":"fullwidth","_kad_post_sidebar_id":"","_kad_post_content_style":"unboxed","_kad_post_vertical_padding":"hide","_kad_post_feature":"hide","_kad_post_feature_position":"","_kad_post_header":false,"_kad_post_footer":false,"footnotes":""},"class_list":["post-5088","page","type-page","status-publish","has-post-thumbnail","hentry"],"taxonomy_info":[],"featured_image_src_large":["https:\/\/nomadeculturale.com\/wp-content\/uploads\/2022\/04\/About-Us-scaled-1-501x1024.jpeg",501,1024,true],"author_info":{"display_name":"Alex Bulla","author_link":"https:\/\/nomadeculturale.com\/es\/author\/alex_viaggiatore_culturale\/"},"comment_info":0,"_links":{"self":[{"href":"https:\/\/nomadeculturale.com\/es\/wp-json\/wp\/v2\/pages\/5088","targetHints":{"allow":["GET"]}}],"collection":[{"href":"https:\/\/nomadeculturale.com\/es\/wp-json\/wp\/v2\/pages"}],"about":[{"href":"https:\/\/nomadeculturale.com\/es\/wp-json\/wp\/v2\/types\/page"}],"author":[{"embeddable":true,"href":"https:\/\/nomadeculturale.com\/es\/wp-json\/wp\/v2\/users\/1"}],"replies":[{"embeddable":true,"href":"https:\/\/nomadeculturale.com\/es\/wp-json\/wp\/v2\/comments?post=5088"}],"version-history":[{"count":7,"href":"https:\/\/nomadeculturale.com\/es\/wp-json\/wp\/v2\/pages\/5088\/revisions"}],"predecessor-version":[{"id":5110,"href":"https:\/\/nomadeculturale.com\/es\/wp-json\/wp\/v2\/pages\/5088\/revisions\/5110"}],"wp:featuredmedia":[{"embeddable":true,"href":"https:\/\/nomadeculturale.com\/es\/wp-json\/wp\/v2\/media\/3559"}],"wp:attachment":[{"href":"https:\/\/nomadeculturale.com\/es\/wp-json\/wp\/v2\/media?parent=5088"}],"curies":[{"name":"wp","href":"https:\/\/api.w.org\/{rel}","templated":true}]}}